{"id":18714,"date":"2021-10-18T04:13:58","date_gmt":"2021-10-18T09:13:58","guid":{"rendered":"https:\/\/www.mercansa.com\/about-us\/"},"modified":"2024-04-24T01:35:55","modified_gmt":"2024-04-24T06:35:55","slug":"sobre-nosotros","status":"publish","type":"page","link":"https:\/\/www.mercansa.com\/es\/sobre-nosotros\/","title":{"rendered":"Sobre nosotros"},"content":{"rendered":"\t\t<div data-elementor-type=\"wp-page\" data-elementor-id=\"18714\" class=\"elementor elementor-18714\" data-elementor-settings=\"{&quot;element_pack_global_tooltip_width&quot;:{&quot;unit&quot;:&quot;px&quot;,&quot;size&quot;:&quot;&quot;,&quot;sizes&quot;:[]},&quot;element_pack_global_tooltip_width_tablet&quot;:{&quot;unit&quot;:&quot;px&quot;,&quot;size&quot;:&quot;&quot;,&quot;sizes&quot;:[]},&quot;element_pack_global_tooltip_width_mobile&quot;:{&quot;unit&quot;:&quot;px&quot;,&quot;size&quot;:&quot;&quot;,&quot;sizes&quot;:[]},&quot;element_pack_global_tooltip_padding&quot;:{&quot;unit&quot;:&quot;px&quot;,&quot;top&quot;:&quot;&quot;,&quot;right&quot;:&quot;&quot;,&quot;bottom&quot;:&quot;&quot;,&quot;left&quot;:&quot;&quot;,&quot;isLinked&quot;:true},&quot;element_pack_global_tooltip_padding_tablet&quot;:{&quot;unit&quot;:&quot;px&quot;,&quot;top&quot;:&quot;&quot;,&quot;right&quot;:&quot;&quot;,&quot;bottom&quot;:&quot;&quot;,&quot;left&quot;:&quot;&quot;,&quot;isLinked&quot;:true},&quot;element_pack_global_tooltip_padding_mobile&quot;:{&quot;unit&quot;:&quot;px&quot;,&quot;top&quot;:&quot;&quot;,&quot;right&quot;:&quot;&quot;,&quot;bottom&quot;:&quot;&quot;,&quot;left&quot;:&quot;&quot;,&quot;isLinked&quot;:true},&quot;element_pack_global_tooltip_border_radius&quot;:{&quot;unit&quot;:&quot;px&quot;,&quot;top&quot;:&quot;&quot;,&quot;right&quot;:&quot;&quot;,&quot;bottom&quot;:&quot;&quot;,&quot;left&quot;:&quot;&quot;,&quot;isLinked&quot;:true},&quot;element_pack_global_tooltip_border_radius_tablet&quot;:{&quot;unit&quot;:&quot;px&quot;,&quot;top&quot;:&quot;&quot;,&quot;right&quot;:&quot;&quot;,&quot;bottom&quot;:&quot;&quot;,&quot;left&quot;:&quot;&quot;,&quot;isLinked&quot;:true},&quot;element_pack_global_tooltip_border_radius_mobile&quot;:{&quot;unit&quot;:&quot;px&quot;,&quot;top&quot;:&quot;&quot;,&quot;right&quot;:&quot;&quot;,&quot;bottom&quot;:&quot;&quot;,&quot;left&quot;:&quot;&quot;,&quot;isLinked&quot;:true}}\" data-elementor-post-type=\"page\">\n\t\t\t\t\t\t<section class=\"elementor-section elementor-top-section elementor-element elementor-element-8591891 elementor-section-boxed elementor-section-height-default elementor-section-height-default\" data-id=\"8591891\" data-element_type=\"section\">\n\t\t\t\t\t\t<div class=\"elementor-container elementor-column-gap-default\">\n\t\t\t\t\t<div class=\"elementor-column elementor-col-50 elementor-top-column elementor-element elementor-element-4643ad7\" data-id=\"4643ad7\" data-element_type=\"column\">\n\t\t\t<div class=\"elementor-widget-wrap elementor-element-populated\">\n\t\t\t\t\t\t<div class=\"elementor-element elementor-element-da2a063 move-image-left-right elementor-widget elementor-widget-image\" data-id=\"da2a063\" data-element_type=\"widget\" data-widget_type=\"image.default\">\n\t\t\t\t<div class=\"elementor-widget-container\">\n\t\t\t\t\t\t\t\t\t\t\t\t\t\t\t<img fetchpriority=\"high\" decoding=\"async\" width=\"1050\" height=\"1253\" src=\"https:\/\/www.mercansa.com\/wp-content\/uploads\/2023\/05\/About-us.png\" class=\"attachment-full size-full wp-image-18434\" alt=\"\" srcset=\"https:\/\/www.mercansa.com\/wp-content\/uploads\/2023\/05\/About-us.png 1050w, https:\/\/www.mercansa.com\/wp-content\/uploads\/2023\/05\/About-us-251x300.png 251w, https:\/\/www.mercansa.com\/wp-content\/uploads\/2023\/05\/About-us-858x1024.png 858w, https:\/\/www.mercansa.com\/wp-content\/uploads\/2023\/05\/About-us-768x916.png 768w, https:\/\/www.mercansa.com\/wp-content\/uploads\/2023\/05\/About-us-600x716.png 600w\" sizes=\"(max-width: 1050px) 100vw, 1050px\" \/>\t\t\t\t\t\t\t\t\t\t\t\t\t\t\t<\/div>\n\t\t\t\t<\/div>\n\t\t\t\t\t<\/div>\n\t\t<\/div>\n\t\t\t\t<div class=\"elementor-column elementor-col-50 elementor-top-column elementor-element elementor-element-f6c2ced\" data-id=\"f6c2ced\" data-element_type=\"column\">\n\t\t\t<div class=\"elementor-widget-wrap elementor-element-populated\">\n\t\t\t\t\t\t<div class=\"elementor-element elementor-element-6672449 elementor-widget elementor-widget-heading\" data-id=\"6672449\" data-element_type=\"widget\" data-widget_type=\"heading.default\">\n\t\t\t\t<div class=\"elementor-widget-container\">\n\t\t\t\t\t<h3 class=\"elementor-heading-title elementor-size-default\">Con m\u00e1s de 35 a\u00f1os en el negocio del suministro de buques<\/h3>\t\t\t\t<\/div>\n\t\t\t\t<\/div>\n\t\t\t\t<div class=\"elementor-element elementor-element-94811e7 elementor-widget elementor-widget-text-editor\" data-id=\"94811e7\" data-element_type=\"widget\" data-widget_type=\"text-editor.default\">\n\t\t\t\t<div class=\"elementor-widget-container\">\n\t\t\t\t\t\t\t\t\t<p>En <strong>MERCANSA<\/strong>, hemos evolucionado m\u00e1s all\u00e1 de un servicio tradicional de astillero para convertirnos en un aliado mar\u00edtimo integral, que navega h\u00e1bilmente por las complejas y siempre cambiantes necesidades del sector mar\u00edtimo. Como figura destacada del sector, nuestra amplia gama de productos y servicios indispensables llega a buques de todo el mundo. Proporcionamos de todo, desde las provisiones m\u00e1s frescas y piezas de repuesto cr\u00edticas hasta una log\u00edstica racionalizada y suministros \u00fanicos, todo ello con el firme compromiso de facilitar unas operaciones mar\u00edtimas sin contratiempos.<\/p><p>Nuestra \u00e9tica se basa en los pilares de la calidad, la puntualidad y una atenci\u00f3n al cliente excepcional, que constituyen los cimientos de nuestra estimada reputaci\u00f3n. Somos m\u00e1s que un simple proveedor; somos un socio de confianza para la gente de mar y las empresas mar\u00edtimas, ya sea en el mar o en tierra. Nuestra misi\u00f3n principal es gestionar las necesidades de su buque, liber\u00e1ndole para que pueda concentrarse plenamente en la navegaci\u00f3n de su viaje.<\/p><p>Emb\u00e1rquese con nosotros en un viaje a trav\u00e9s de los vibrantes y desafiantes reinos de la industria mar\u00edtima. Con MERCANSA como aliado, dispondr\u00e1 de servicios de mantenimiento naval de \u00e9lite para satisfacer todas sus necesidades en cualquier puerto. Perm\u00edtanos ser su gu\u00eda y apoyo en este vasto oc\u00e9ano, asegurando que sus esfuerzos mar\u00edtimos sean exitosos y sin contratiempos.<\/p>\t\t\t\t\t\t\t\t<\/div>\n\t\t\t\t<\/div>\n\t\t\t\t<div class=\"elementor-element elementor-element-89e1153 elementor-widget elementor-widget-heading\" data-id=\"89e1153\" data-element_type=\"widget\" data-widget_type=\"heading.default\">\n\t\t\t\t<div class=\"elementor-widget-container\">\n\t\t\t\t\t<h6 class=\"elementor-heading-title elementor-size-default\">Para m\u00e1s informaci\u00f3n :  +507 397-8197<\/h6>\t\t\t\t<\/div>\n\t\t\t\t<\/div>\n\t\t\t\t\t<\/div>\n\t\t<\/div>\n\t\t\t\t\t<\/div>\n\t\t<\/section>\n\t\t\t\t<\/div>\n\t\t","protected":false},"excerpt":{"rendered":"<p>Con m\u00e1s de 35 a\u00f1os en el negocio del suministro de buques En MERCANSA, hemos evolucionado m\u00e1s all\u00e1 de un servicio tradicional de astillero para convertirnos en un aliado mar\u00edtimo integral, que navega h\u00e1bilmente por las complejas y siempre cambiantes necesidades del sector mar\u00edtimo. Como figura destacada del sector, nuestra amplia gama de productos y [&hellip;]<\/p>\n","protected":false},"author":1,"featured_media":0,"parent":0,"menu_order":0,"comment_status":"closed","ping_status":"closed","template":"elementor_header_footer","meta":{"_acf_changed":false,"footnotes":""},"class_list":["post-18714","page","type-page","status-publish","hentry"],"acf":[],"yoast_head":"<!-- This site is optimized with the Yoast SEO Premium plugin v26.0 (Yoast SEO v27.4) - https:\/\/yoast.com\/product\/yoast-seo-premium-wordpress\/ -->\n<title>Sobre nosotros - Mercansa<\/title>\n<meta name=\"robots\" content=\"index, follow, max-snippet:-1, max-image-preview:large, max-video-preview:-1\" \/>\n<link rel=\"canonical\" href=\"https:\/\/www.mercansa.com\/es\/sobre-nosotros\/\" \/>\n<meta property=\"og:locale\" content=\"es_ES\" \/>\n<meta property=\"og:type\" content=\"article\" \/>\n<meta property=\"og:title\" content=\"Sobre nosotros\" \/>\n<meta property=\"og:description\" content=\"Con m\u00e1s de 35 a\u00f1os en el negocio del suministro de buques En MERCANSA, hemos evolucionado m\u00e1s all\u00e1 de un servicio tradicional de astillero para convertirnos en un aliado mar\u00edtimo integral, que navega h\u00e1bilmente por las complejas y siempre cambiantes necesidades del sector mar\u00edtimo. Como figura destacada del sector, nuestra amplia gama de productos y [&hellip;]\" \/>\n<meta property=\"og:url\" content=\"https:\/\/www.mercansa.com\/es\/sobre-nosotros\/\" \/>\n<meta property=\"og:site_name\" content=\"Mercansa\" \/>\n<meta property=\"article:modified_time\" content=\"2024-04-24T06:35:55+00:00\" \/>\n<meta property=\"og:image\" content=\"https:\/\/www.mercansa.com\/wp-content\/uploads\/2021\/09\/about-one-banner.jpg\" \/>\n\t<meta property=\"og:image:width\" content=\"1920\" \/>\n\t<meta property=\"og:image:height\" content=\"460\" \/>\n\t<meta property=\"og:image:type\" content=\"image\/jpeg\" \/>\n<meta name=\"twitter:card\" content=\"summary_large_image\" \/>\n<meta name=\"twitter:label1\" content=\"Tiempo de lectura\" \/>\n\t<meta name=\"twitter:data1\" content=\"2 minutos\" \/>\n<script type=\"application\/ld+json\" class=\"yoast-schema-graph\">{\"@context\":\"https:\\\/\\\/schema.org\",\"@graph\":[{\"@type\":\"WebPage\",\"@id\":\"https:\\\/\\\/www.mercansa.com\\\/es\\\/sobre-nosotros\\\/\",\"url\":\"https:\\\/\\\/www.mercansa.com\\\/es\\\/sobre-nosotros\\\/\",\"name\":\"Sobre nosotros - Mercansa\",\"isPartOf\":{\"@id\":\"https:\\\/\\\/www.mercansa.com\\\/es\\\/#website\"},\"datePublished\":\"2021-10-18T09:13:58+00:00\",\"dateModified\":\"2024-04-24T06:35:55+00:00\",\"breadcrumb\":{\"@id\":\"https:\\\/\\\/www.mercansa.com\\\/es\\\/sobre-nosotros\\\/#breadcrumb\"},\"inLanguage\":\"es\",\"potentialAction\":[{\"@type\":\"ReadAction\",\"target\":[\"https:\\\/\\\/www.mercansa.com\\\/es\\\/sobre-nosotros\\\/\"]}]},{\"@type\":\"BreadcrumbList\",\"@id\":\"https:\\\/\\\/www.mercansa.com\\\/es\\\/sobre-nosotros\\\/#breadcrumb\",\"itemListElement\":[{\"@type\":\"ListItem\",\"position\":1,\"name\":\"Home\",\"item\":\"https:\\\/\\\/www.mercansa.com\\\/es\\\/\"},{\"@type\":\"ListItem\",\"position\":2,\"name\":\"Sobre nosotros\"}]},{\"@type\":\"WebSite\",\"@id\":\"https:\\\/\\\/www.mercansa.com\\\/es\\\/#website\",\"url\":\"https:\\\/\\\/www.mercansa.com\\\/es\\\/\",\"name\":\"Mercansa\",\"description\":\"SHIP SUPPLIES AND SERVICES\",\"publisher\":{\"@id\":\"https:\\\/\\\/www.mercansa.com\\\/es\\\/#organization\"},\"potentialAction\":[{\"@type\":\"SearchAction\",\"target\":{\"@type\":\"EntryPoint\",\"urlTemplate\":\"https:\\\/\\\/www.mercansa.com\\\/es\\\/?s={search_term_string}\"},\"query-input\":{\"@type\":\"PropertyValueSpecification\",\"valueRequired\":true,\"valueName\":\"search_term_string\"}}],\"inLanguage\":\"es\"},{\"@type\":\"Organization\",\"@id\":\"https:\\\/\\\/www.mercansa.com\\\/es\\\/#organization\",\"name\":\"Mercansa\",\"url\":\"https:\\\/\\\/www.mercansa.com\\\/es\\\/\",\"logo\":{\"@type\":\"ImageObject\",\"inLanguage\":\"es\",\"@id\":\"https:\\\/\\\/www.mercansa.com\\\/es\\\/#\\\/schema\\\/logo\\\/image\\\/\",\"url\":\"https:\\\/\\\/www.mercansa.com\\\/wp-content\\\/uploads\\\/2021\\\/09\\\/logo-mercansa-color.png\",\"contentUrl\":\"https:\\\/\\\/www.mercansa.com\\\/wp-content\\\/uploads\\\/2021\\\/09\\\/logo-mercansa-color.png\",\"width\":500,\"height\":105,\"caption\":\"Mercansa\"},\"image\":{\"@id\":\"https:\\\/\\\/www.mercansa.com\\\/es\\\/#\\\/schema\\\/logo\\\/image\\\/\"},\"sameAs\":[\"https:\\\/\\\/pa.linkedin.com\\\/company\\\/mercantileinternational\"]}]}<\/script>\n<!-- \/ Yoast SEO Premium plugin. -->","yoast_head_json":{"title":"Sobre nosotros - Mercansa","robots":{"index":"index","follow":"follow","max-snippet":"max-snippet:-1","max-image-preview":"max-image-preview:large","max-video-preview":"max-video-preview:-1"},"canonical":"https:\/\/www.mercansa.com\/es\/sobre-nosotros\/","og_locale":"es_ES","og_type":"article","og_title":"Sobre nosotros","og_description":"Con m\u00e1s de 35 a\u00f1os en el negocio del suministro de buques En MERCANSA, hemos evolucionado m\u00e1s all\u00e1 de un servicio tradicional de astillero para convertirnos en un aliado mar\u00edtimo integral, que navega h\u00e1bilmente por las complejas y siempre cambiantes necesidades del sector mar\u00edtimo. Como figura destacada del sector, nuestra amplia gama de productos y [&hellip;]","og_url":"https:\/\/www.mercansa.com\/es\/sobre-nosotros\/","og_site_name":"Mercansa","article_modified_time":"2024-04-24T06:35:55+00:00","og_image":[{"width":1920,"height":460,"url":"https:\/\/www.mercansa.com\/wp-content\/uploads\/2021\/09\/about-one-banner.jpg","type":"image\/jpeg"}],"twitter_card":"summary_large_image","twitter_misc":{"Tiempo de lectura":"2 minutos"},"schema":{"@context":"https:\/\/schema.org","@graph":[{"@type":"WebPage","@id":"https:\/\/www.mercansa.com\/es\/sobre-nosotros\/","url":"https:\/\/www.mercansa.com\/es\/sobre-nosotros\/","name":"Sobre nosotros - Mercansa","isPartOf":{"@id":"https:\/\/www.mercansa.com\/es\/#website"},"datePublished":"2021-10-18T09:13:58+00:00","dateModified":"2024-04-24T06:35:55+00:00","breadcrumb":{"@id":"https:\/\/www.mercansa.com\/es\/sobre-nosotros\/#breadcrumb"},"inLanguage":"es","potentialAction":[{"@type":"ReadAction","target":["https:\/\/www.mercansa.com\/es\/sobre-nosotros\/"]}]},{"@type":"BreadcrumbList","@id":"https:\/\/www.mercansa.com\/es\/sobre-nosotros\/#breadcrumb","itemListElement":[{"@type":"ListItem","position":1,"name":"Home","item":"https:\/\/www.mercansa.com\/es\/"},{"@type":"ListItem","position":2,"name":"Sobre nosotros"}]},{"@type":"WebSite","@id":"https:\/\/www.mercansa.com\/es\/#website","url":"https:\/\/www.mercansa.com\/es\/","name":"Mercansa","description":"SHIP SUPPLIES AND SERVICES","publisher":{"@id":"https:\/\/www.mercansa.com\/es\/#organization"},"potentialAction":[{"@type":"SearchAction","target":{"@type":"EntryPoint","urlTemplate":"https:\/\/www.mercansa.com\/es\/?s={search_term_string}"},"query-input":{"@type":"PropertyValueSpecification","valueRequired":true,"valueName":"search_term_string"}}],"inLanguage":"es"},{"@type":"Organization","@id":"https:\/\/www.mercansa.com\/es\/#organization","name":"Mercansa","url":"https:\/\/www.mercansa.com\/es\/","logo":{"@type":"ImageObject","inLanguage":"es","@id":"https:\/\/www.mercansa.com\/es\/#\/schema\/logo\/image\/","url":"https:\/\/www.mercansa.com\/wp-content\/uploads\/2021\/09\/logo-mercansa-color.png","contentUrl":"https:\/\/www.mercansa.com\/wp-content\/uploads\/2021\/09\/logo-mercansa-color.png","width":500,"height":105,"caption":"Mercansa"},"image":{"@id":"https:\/\/www.mercansa.com\/es\/#\/schema\/logo\/image\/"},"sameAs":["https:\/\/pa.linkedin.com\/company\/mercantileinternational"]}]}},"_links":{"self":[{"href":"https:\/\/www.mercansa.com\/es\/wp-json\/wp\/v2\/pages\/18714","targetHints":{"allow":["GET"]}}],"collection":[{"href":"https:\/\/www.mercansa.com\/es\/wp-json\/wp\/v2\/pages"}],"about":[{"href":"https:\/\/www.mercansa.com\/es\/wp-json\/wp\/v2\/types\/page"}],"author":[{"embeddable":true,"href":"https:\/\/www.mercansa.com\/es\/wp-json\/wp\/v2\/users\/1"}],"replies":[{"embeddable":true,"href":"https:\/\/www.mercansa.com\/es\/wp-json\/wp\/v2\/comments?post=18714"}],"version-history":[{"count":23,"href":"https:\/\/www.mercansa.com\/es\/wp-json\/wp\/v2\/pages\/18714\/revisions"}],"predecessor-version":[{"id":18805,"href":"https:\/\/www.mercansa.com\/es\/wp-json\/wp\/v2\/pages\/18714\/revisions\/18805"}],"wp:attachment":[{"href":"https:\/\/www.mercansa.com\/es\/wp-json\/wp\/v2\/media?parent=18714"}],"curies":[{"name":"wp","href":"https:\/\/api.w.org\/{rel}","templated":true}]}}